{"id":1283,"date":"2018-09-10T17:53:58","date_gmt":"2018-09-10T15:53:58","guid":{"rendered":"http:\/\/rudolf-spiegl.at\/wordpress\/?page_id=1283"},"modified":"2018-11-01T11:39:12","modified_gmt":"2018-11-01T10:39:12","slug":"zeitgeschichtliche-wanderung-8-9-september-2018","status":"publish","type":"page","link":"https:\/\/rudolf-spiegl.at\/wordpress\/?page_id=1283","title":{"rendered":"Zeitgeschichtliche Wanderung 8.-9.September 2018"},"content":{"rendered":"<div id='gallery-1' class='gallery galleryid-1283 gallery-columns-3 gallery-size-thumbnail'><figure class='gallery-item'>\n\t\t\t<div class='gallery-icon landscape'>\n\t\t\t\t<a href='https:\/\/rudolf-spiegl.at\/wordpress\/wp-content\/uploads\/2018\/09\/IMG_8294.jpg' title=\"\" data-rl_title=\"\" class=\"rl-gallery-link\" data-rl_caption=\"\" data-rel=\"lightbox-gallery-1\"><img width=\"150\" height=\"100\" src=\"https:\/\/rudolf-spiegl.at\/wordpress\/wp-content\/uploads\/2018\/09\/IMG_8294-150x100.jpg\" class=\"attachment-thumbnail size-thumbnail\" alt=\"\" loading=\"lazy\" aria-describedby=\"gallery-1-1285\" srcset=\"https:\/\/rudolf-spiegl.at\/wordpress\/wp-content\/uploads\/2018\/09\/IMG_8294-150x100.jpg 150w, https:\/\/rudolf-spiegl.at\/wordpress\/wp-content\/uploads\/2018\/09\/IMG_8294-300x200.jpg 300w, https:\/\/rudolf-spiegl.at\/wordpress\/wp-content\/uploads\/2018\/09\/IMG_8294-768x512.jpg 768w, https:\/\/rudolf-spiegl.at\/wordpress\/wp-content\/uploads\/2018\/09\/IMG_8294-1024x683.jpg 1024w, https:\/\/rudolf-spiegl.at\/wordpress\/wp-content\/uploads\/2018\/09\/IMG_8294-1200x800.jpg 1200w\" sizes=\"(max-width: 150px) 85vw, 150px\" \/><\/a>\n\t\t\t<\/div>\n\t\t\t\t<figcaption class='wp-caption-text gallery-caption' id='gallery-1-1285'>\n\t\t\t\tMit Monika Gaiswinkler unterwegs in Altaussee\n\t\t\t\t<\/figcaption><\/figure><figure class='gallery-item'>\n\t\t\t<div class='gallery-icon landscape'>\n\t\t\t\t<a href='https:\/\/rudolf-spiegl.at\/wordpress\/wp-content\/uploads\/2018\/09\/IMG_8296.jpg' title=\"\" data-rl_title=\"\" class=\"rl-gallery-link\" data-rl_caption=\"\" data-rel=\"lightbox-gallery-1\"><img width=\"150\" height=\"100\" src=\"https:\/\/rudolf-spiegl.at\/wordpress\/wp-content\/uploads\/2018\/09\/IMG_8296-150x100.jpg\" class=\"attachment-thumbnail size-thumbnail\" alt=\"\" loading=\"lazy\" srcset=\"https:\/\/rudolf-spiegl.at\/wordpress\/wp-content\/uploads\/2018\/09\/IMG_8296-150x100.jpg 150w, https:\/\/rudolf-spiegl.at\/wordpress\/wp-content\/uploads\/2018\/09\/IMG_8296-300x200.jpg 300w, https:\/\/rudolf-spiegl.at\/wordpress\/wp-content\/uploads\/2018\/09\/IMG_8296-768x512.jpg 768w, https:\/\/rudolf-spiegl.at\/wordpress\/wp-content\/uploads\/2018\/09\/IMG_8296-1024x683.jpg 1024w, https:\/\/rudolf-spiegl.at\/wordpress\/wp-content\/uploads\/2018\/09\/IMG_8296-1200x800.jpg 1200w\" sizes=\"(max-width: 150px) 85vw, 150px\" \/><\/a>\n\t\t\t<\/div><\/figure><figure class='gallery-item'>\n\t\t\t<div class='gallery-icon landscape'>\n\t\t\t\t<a href='https:\/\/rudolf-spiegl.at\/wordpress\/wp-content\/uploads\/2018\/09\/IMG_8298.jpg' title=\"\" data-rl_title=\"\" class=\"rl-gallery-link\" data-rl_caption=\"\" data-rel=\"lightbox-gallery-1\"><img width=\"150\" height=\"100\" src=\"https:\/\/rudolf-spiegl.at\/wordpress\/wp-content\/uploads\/2018\/09\/IMG_8298-150x100.jpg\" class=\"attachment-thumbnail size-thumbnail\" alt=\"\" loading=\"lazy\" aria-describedby=\"gallery-1-1287\" srcset=\"https:\/\/rudolf-spiegl.at\/wordpress\/wp-content\/uploads\/2018\/09\/IMG_8298-150x100.jpg 150w, https:\/\/rudolf-spiegl.at\/wordpress\/wp-content\/uploads\/2018\/09\/IMG_8298-300x200.jpg 300w, https:\/\/rudolf-spiegl.at\/wordpress\/wp-content\/uploads\/2018\/09\/IMG_8298-768x512.jpg 768w, https:\/\/rudolf-spiegl.at\/wordpress\/wp-content\/uploads\/2018\/09\/IMG_8298-1024x683.jpg 1024w, https:\/\/rudolf-spiegl.at\/wordpress\/wp-content\/uploads\/2018\/09\/IMG_8298-1200x800.jpg 1200w\" sizes=\"(max-width: 150px) 85vw, 150px\" \/><\/a>\n\t\t\t<\/div>\n\t\t\t\t<figcaption class='wp-caption-text gallery-caption' id='gallery-1-1287'>\n\t\t\t\tDer Augstwiesensee\n\t\t\t\t<\/figcaption><\/figure><figure class='gallery-item'>\n\t\t\t<div class='gallery-icon landscape'>\n\t\t\t\t<a href='https:\/\/rudolf-spiegl.at\/wordpress\/wp-content\/uploads\/2018\/09\/IMG_8302.jpg' title=\"\" data-rl_title=\"\" class=\"rl-gallery-link\" data-rl_caption=\"\" data-rel=\"lightbox-gallery-1\"><img width=\"150\" height=\"100\" src=\"https:\/\/rudolf-spiegl.at\/wordpress\/wp-content\/uploads\/2018\/09\/IMG_8302-150x100.jpg\" class=\"attachment-thumbnail size-thumbnail\" alt=\"\" loading=\"lazy\" srcset=\"https:\/\/rudolf-spiegl.at\/wordpress\/wp-content\/uploads\/2018\/09\/IMG_8302-150x100.jpg 150w, https:\/\/rudolf-spiegl.at\/wordpress\/wp-content\/uploads\/2018\/09\/IMG_8302-300x200.jpg 300w, https:\/\/rudolf-spiegl.at\/wordpress\/wp-content\/uploads\/2018\/09\/IMG_8302-768x512.jpg 768w, https:\/\/rudolf-spiegl.at\/wordpress\/wp-content\/uploads\/2018\/09\/IMG_8302-1024x683.jpg 1024w, https:\/\/rudolf-spiegl.at\/wordpress\/wp-content\/uploads\/2018\/09\/IMG_8302-1200x800.jpg 1200w\" sizes=\"(max-width: 150px) 85vw, 150px\" \/><\/a>\n\t\t\t<\/div><\/figure><figure class='gallery-item'>\n\t\t\t<div class='gallery-icon portrait'>\n\t\t\t\t<a href='https:\/\/rudolf-spiegl.at\/wordpress\/wp-content\/uploads\/2018\/09\/IMG_8304.jpg' title=\"\" data-rl_title=\"\" class=\"rl-gallery-link\" data-rl_caption=\"\" data-rel=\"lightbox-gallery-1\"><img width=\"100\" height=\"150\" src=\"https:\/\/rudolf-spiegl.at\/wordpress\/wp-content\/uploads\/2018\/09\/IMG_8304-100x150.jpg\" class=\"attachment-thumbnail size-thumbnail\" alt=\"\" loading=\"lazy\" srcset=\"https:\/\/rudolf-spiegl.at\/wordpress\/wp-content\/uploads\/2018\/09\/IMG_8304-100x150.jpg 100w, https:\/\/rudolf-spiegl.at\/wordpress\/wp-content\/uploads\/2018\/09\/IMG_8304-200x300.jpg 200w, https:\/\/rudolf-spiegl.at\/wordpress\/wp-content\/uploads\/2018\/09\/IMG_8304-768x1152.jpg 768w, https:\/\/rudolf-spiegl.at\/wordpress\/wp-content\/uploads\/2018\/09\/IMG_8304-683x1024.jpg 683w, https:\/\/rudolf-spiegl.at\/wordpress\/wp-content\/uploads\/2018\/09\/IMG_8304-1200x1800.jpg 1200w, https:\/\/rudolf-spiegl.at\/wordpress\/wp-content\/uploads\/2018\/09\/IMG_8304.jpg 2000w\" sizes=\"(max-width: 100px) 85vw, 100px\" \/><\/a>\n\t\t\t<\/div><\/figure><figure class='gallery-item'>\n\t\t\t<div class='gallery-icon landscape'>\n\t\t\t\t<a href='https:\/\/rudolf-spiegl.at\/wordpress\/wp-content\/uploads\/2018\/09\/IMG_8306.jpg' title=\"\" data-rl_title=\"\" class=\"rl-gallery-link\" data-rl_caption=\"\" data-rel=\"lightbox-gallery-1\"><img width=\"150\" height=\"100\" src=\"https:\/\/rudolf-spiegl.at\/wordpress\/wp-content\/uploads\/2018\/09\/IMG_8306-150x100.jpg\" class=\"attachment-thumbnail size-thumbnail\" alt=\"\" loading=\"lazy\" srcset=\"https:\/\/rudolf-spiegl.at\/wordpress\/wp-content\/uploads\/2018\/09\/IMG_8306-150x100.jpg 150w, https:\/\/rudolf-spiegl.at\/wordpress\/wp-content\/uploads\/2018\/09\/IMG_8306-300x200.jpg 300w, https:\/\/rudolf-spiegl.at\/wordpress\/wp-content\/uploads\/2018\/09\/IMG_8306-768x512.jpg 768w, https:\/\/rudolf-spiegl.at\/wordpress\/wp-content\/uploads\/2018\/09\/IMG_8306-1024x683.jpg 1024w, https:\/\/rudolf-spiegl.at\/wordpress\/wp-content\/uploads\/2018\/09\/IMG_8306-1200x800.jpg 1200w\" sizes=\"(max-width: 150px) 85vw, 150px\" \/><\/a>\n\t\t\t<\/div><\/figure><figure class='gallery-item'>\n\t\t\t<div class='gallery-icon landscape'>\n\t\t\t\t<a href='https:\/\/rudolf-spiegl.at\/wordpress\/wp-content\/uploads\/2018\/09\/IMG_8310.jpg' title=\"\" data-rl_title=\"\" class=\"rl-gallery-link\" data-rl_caption=\"\" data-rel=\"lightbox-gallery-1\"><img width=\"150\" height=\"100\" src=\"https:\/\/rudolf-spiegl.at\/wordpress\/wp-content\/uploads\/2018\/09\/IMG_8310-150x100.jpg\" class=\"attachment-thumbnail size-thumbnail\" alt=\"\" loading=\"lazy\" srcset=\"https:\/\/rudolf-spiegl.at\/wordpress\/wp-content\/uploads\/2018\/09\/IMG_8310-150x100.jpg 150w, https:\/\/rudolf-spiegl.at\/wordpress\/wp-content\/uploads\/2018\/09\/IMG_8310-300x200.jpg 300w, https:\/\/rudolf-spiegl.at\/wordpress\/wp-content\/uploads\/2018\/09\/IMG_8310-768x512.jpg 768w, https:\/\/rudolf-spiegl.at\/wordpress\/wp-content\/uploads\/2018\/09\/IMG_8310-1024x683.jpg 1024w, https:\/\/rudolf-spiegl.at\/wordpress\/wp-content\/uploads\/2018\/09\/IMG_8310-1200x800.jpg 1200w\" sizes=\"(max-width: 150px) 85vw, 150px\" \/><\/a>\n\t\t\t<\/div><\/figure><figure class='gallery-item'>\n\t\t\t<div class='gallery-icon landscape'>\n\t\t\t\t<a href='https:\/\/rudolf-spiegl.at\/wordpress\/wp-content\/uploads\/2018\/09\/IMG_8312.jpg' title=\"\" data-rl_title=\"\" class=\"rl-gallery-link\" data-rl_caption=\"\" data-rel=\"lightbox-gallery-1\"><img width=\"150\" height=\"100\" src=\"https:\/\/rudolf-spiegl.at\/wordpress\/wp-content\/uploads\/2018\/09\/IMG_8312-150x100.jpg\" class=\"attachment-thumbnail size-thumbnail\" alt=\"\" loading=\"lazy\" srcset=\"https:\/\/rudolf-spiegl.at\/wordpress\/wp-content\/uploads\/2018\/09\/IMG_8312-150x100.jpg 150w, https:\/\/rudolf-spiegl.at\/wordpress\/wp-content\/uploads\/2018\/09\/IMG_8312-300x200.jpg 300w, https:\/\/rudolf-spiegl.at\/wordpress\/wp-content\/uploads\/2018\/09\/IMG_8312-768x512.jpg 768w, https:\/\/rudolf-spiegl.at\/wordpress\/wp-content\/uploads\/2018\/09\/IMG_8312-1024x683.jpg 1024w, https:\/\/rudolf-spiegl.at\/wordpress\/wp-content\/uploads\/2018\/09\/IMG_8312-1200x800.jpg 1200w\" sizes=\"(max-width: 150px) 85vw, 150px\" \/><\/a>\n\t\t\t<\/div><\/figure><figure class='gallery-item'>\n\t\t\t<div class='gallery-icon landscape'>\n\t\t\t\t<a href='https:\/\/rudolf-spiegl.at\/wordpress\/wp-content\/uploads\/2018\/09\/IMG_8317.jpg' title=\"\" data-rl_title=\"\" class=\"rl-gallery-link\" data-rl_caption=\"\" data-rel=\"lightbox-gallery-1\"><img width=\"150\" height=\"100\" src=\"https:\/\/rudolf-spiegl.at\/wordpress\/wp-content\/uploads\/2018\/09\/IMG_8317-150x100.jpg\" class=\"attachment-thumbnail size-thumbnail\" alt=\"\" loading=\"lazy\" aria-describedby=\"gallery-1-1293\" srcset=\"https:\/\/rudolf-spiegl.at\/wordpress\/wp-content\/uploads\/2018\/09\/IMG_8317-150x100.jpg 150w, https:\/\/rudolf-spiegl.at\/wordpress\/wp-content\/uploads\/2018\/09\/IMG_8317-300x200.jpg 300w, https:\/\/rudolf-spiegl.at\/wordpress\/wp-content\/uploads\/2018\/09\/IMG_8317-768x512.jpg 768w, https:\/\/rudolf-spiegl.at\/wordpress\/wp-content\/uploads\/2018\/09\/IMG_8317-1024x683.jpg 1024w, https:\/\/rudolf-spiegl.at\/wordpress\/wp-content\/uploads\/2018\/09\/IMG_8317-1200x800.jpg 1200w\" sizes=\"(max-width: 150px) 85vw, 150px\" \/><\/a>\n\t\t\t<\/div>\n\t\t\t\t<figcaption class='wp-caption-text gallery-caption' id='gallery-1-1293'>\n\t\t\t\tAm n\u00e4chsten Morgen vor dem Appelhaus\n\t\t\t\t<\/figcaption><\/figure><figure class='gallery-item'>\n\t\t\t<div class='gallery-icon landscape'>\n\t\t\t\t<a href='https:\/\/rudolf-spiegl.at\/wordpress\/wp-content\/uploads\/2018\/09\/IMG_8318.jpg' title=\"\" data-rl_title=\"\" class=\"rl-gallery-link\" data-rl_caption=\"\" data-rel=\"lightbox-gallery-1\"><img width=\"150\" height=\"100\" src=\"https:\/\/rudolf-spiegl.at\/wordpress\/wp-content\/uploads\/2018\/09\/IMG_8318-150x100.jpg\" class=\"attachment-thumbnail size-thumbnail\" alt=\"\" loading=\"lazy\" aria-describedby=\"gallery-1-1294\" srcset=\"https:\/\/rudolf-spiegl.at\/wordpress\/wp-content\/uploads\/2018\/09\/IMG_8318-150x100.jpg 150w, https:\/\/rudolf-spiegl.at\/wordpress\/wp-content\/uploads\/2018\/09\/IMG_8318-300x200.jpg 300w, https:\/\/rudolf-spiegl.at\/wordpress\/wp-content\/uploads\/2018\/09\/IMG_8318-768x512.jpg 768w, https:\/\/rudolf-spiegl.at\/wordpress\/wp-content\/uploads\/2018\/09\/IMG_8318-1024x683.jpg 1024w, https:\/\/rudolf-spiegl.at\/wordpress\/wp-content\/uploads\/2018\/09\/IMG_8318-1200x800.jpg 1200w\" sizes=\"(max-width: 150px) 85vw, 150px\" \/><\/a>\n\t\t\t<\/div>\n\t\t\t\t<figcaption class='wp-caption-text gallery-caption' id='gallery-1-1294'>\n\t\t\t\tAm n\u00e4chsten Morgen vor dem Appelhaus\n\t\t\t\t<\/figcaption><\/figure><figure class='gallery-item'>\n\t\t\t<div class='gallery-icon landscape'>\n\t\t\t\t<a href='https:\/\/rudolf-spiegl.at\/wordpress\/wp-content\/uploads\/2018\/09\/IMG_8325.jpg' title=\"\" data-rl_title=\"\" class=\"rl-gallery-link\" data-rl_caption=\"\" data-rel=\"lightbox-gallery-1\"><img width=\"150\" height=\"100\" src=\"https:\/\/rudolf-spiegl.at\/wordpress\/wp-content\/uploads\/2018\/09\/IMG_8325-150x100.jpg\" class=\"attachment-thumbnail size-thumbnail\" alt=\"\" loading=\"lazy\" aria-describedby=\"gallery-1-1295\" srcset=\"https:\/\/rudolf-spiegl.at\/wordpress\/wp-content\/uploads\/2018\/09\/IMG_8325-150x100.jpg 150w, https:\/\/rudolf-spiegl.at\/wordpress\/wp-content\/uploads\/2018\/09\/IMG_8325-300x200.jpg 300w, https:\/\/rudolf-spiegl.at\/wordpress\/wp-content\/uploads\/2018\/09\/IMG_8325-768x512.jpg 768w, https:\/\/rudolf-spiegl.at\/wordpress\/wp-content\/uploads\/2018\/09\/IMG_8325-1024x683.jpg 1024w, https:\/\/rudolf-spiegl.at\/wordpress\/wp-content\/uploads\/2018\/09\/IMG_8325-1200x800.jpg 1200w\" sizes=\"(max-width: 150px) 85vw, 150px\" \/><\/a>\n\t\t\t<\/div>\n\t\t\t\t<figcaption class='wp-caption-text gallery-caption' id='gallery-1-1295'>\n\t\t\t\tAuf der Wildenseealm\n\t\t\t\t<\/figcaption><\/figure><figure class='gallery-item'>\n\t\t\t<div class='gallery-icon landscape'>\n\t\t\t\t<a href='https:\/\/rudolf-spiegl.at\/wordpress\/wp-content\/uploads\/2018\/09\/IMG_8327.jpg' title=\"\" data-rl_title=\"\" class=\"rl-gallery-link\" data-rl_caption=\"\" data-rel=\"lightbox-gallery-1\"><img width=\"150\" height=\"100\" src=\"https:\/\/rudolf-spiegl.at\/wordpress\/wp-content\/uploads\/2018\/09\/IMG_8327-150x100.jpg\" class=\"attachment-thumbnail size-thumbnail\" alt=\"\" loading=\"lazy\" aria-describedby=\"gallery-1-1296\" srcset=\"https:\/\/rudolf-spiegl.at\/wordpress\/wp-content\/uploads\/2018\/09\/IMG_8327-150x100.jpg 150w, https:\/\/rudolf-spiegl.at\/wordpress\/wp-content\/uploads\/2018\/09\/IMG_8327-300x200.jpg 300w, https:\/\/rudolf-spiegl.at\/wordpress\/wp-content\/uploads\/2018\/09\/IMG_8327-768x512.jpg 768w, https:\/\/rudolf-spiegl.at\/wordpress\/wp-content\/uploads\/2018\/09\/IMG_8327-1024x683.jpg 1024w, https:\/\/rudolf-spiegl.at\/wordpress\/wp-content\/uploads\/2018\/09\/IMG_8327-1200x800.jpg 1200w\" sizes=\"(max-width: 150px) 85vw, 150px\" \/><\/a>\n\t\t\t<\/div>\n\t\t\t\t<figcaption class='wp-caption-text gallery-caption' id='gallery-1-1296'>\n\t\t\t\tWildenseealm mit Dachstein\n\t\t\t\t<\/figcaption><\/figure><figure class='gallery-item'>\n\t\t\t<div class='gallery-icon landscape'>\n\t\t\t\t<a href='https:\/\/rudolf-spiegl.at\/wordpress\/wp-content\/uploads\/2018\/09\/IMG_8329.jpg' title=\"\" data-rl_title=\"\" class=\"rl-gallery-link\" data-rl_caption=\"\" data-rel=\"lightbox-gallery-1\"><img width=\"150\" height=\"100\" src=\"https:\/\/rudolf-spiegl.at\/wordpress\/wp-content\/uploads\/2018\/09\/IMG_8329-150x100.jpg\" class=\"attachment-thumbnail size-thumbnail\" alt=\"\" loading=\"lazy\" aria-describedby=\"gallery-1-1297\" srcset=\"https:\/\/rudolf-spiegl.at\/wordpress\/wp-content\/uploads\/2018\/09\/IMG_8329-150x100.jpg 150w, https:\/\/rudolf-spiegl.at\/wordpress\/wp-content\/uploads\/2018\/09\/IMG_8329-300x200.jpg 300w, https:\/\/rudolf-spiegl.at\/wordpress\/wp-content\/uploads\/2018\/09\/IMG_8329-768x512.jpg 768w, https:\/\/rudolf-spiegl.at\/wordpress\/wp-content\/uploads\/2018\/09\/IMG_8329-1024x683.jpg 1024w, https:\/\/rudolf-spiegl.at\/wordpress\/wp-content\/uploads\/2018\/09\/IMG_8329-1200x800.jpg 1200w\" sizes=\"(max-width: 150px) 85vw, 150px\" \/><\/a>\n\t\t\t<\/div>\n\t\t\t\t<figcaption class='wp-caption-text gallery-caption' id='gallery-1-1297'>\n\t\t\t\tHier hat sich der Kaltenbrunner versteckt\n\t\t\t\t<\/figcaption><\/figure><figure class='gallery-item'>\n\t\t\t<div class='gallery-icon landscape'>\n\t\t\t\t<a href='https:\/\/rudolf-spiegl.at\/wordpress\/wp-content\/uploads\/2018\/09\/IMG_8341.jpg' title=\"\" data-rl_title=\"\" class=\"rl-gallery-link\" data-rl_caption=\"\" data-rel=\"lightbox-gallery-1\"><img width=\"150\" height=\"100\" src=\"https:\/\/rudolf-spiegl.at\/wordpress\/wp-content\/uploads\/2018\/09\/IMG_8341-150x100.jpg\" class=\"attachment-thumbnail size-thumbnail\" alt=\"\" loading=\"lazy\" srcset=\"https:\/\/rudolf-spiegl.at\/wordpress\/wp-content\/uploads\/2018\/09\/IMG_8341-150x100.jpg 150w, https:\/\/rudolf-spiegl.at\/wordpress\/wp-content\/uploads\/2018\/09\/IMG_8341-300x200.jpg 300w, https:\/\/rudolf-spiegl.at\/wordpress\/wp-content\/uploads\/2018\/09\/IMG_8341-768x512.jpg 768w, https:\/\/rudolf-spiegl.at\/wordpress\/wp-content\/uploads\/2018\/09\/IMG_8341-1024x683.jpg 1024w, https:\/\/rudolf-spiegl.at\/wordpress\/wp-content\/uploads\/2018\/09\/IMG_8341-1200x800.jpg 1200w\" sizes=\"(max-width: 150px) 85vw, 150px\" \/><\/a>\n\t\t\t<\/div><\/figure><figure class='gallery-item'>\n\t\t\t<div class='gallery-icon landscape'>\n\t\t\t\t<a href='https:\/\/rudolf-spiegl.at\/wordpress\/wp-content\/uploads\/2018\/09\/IMG_8342.jpg' title=\"\" data-rl_title=\"\" class=\"rl-gallery-link\" data-rl_caption=\"\" data-rel=\"lightbox-gallery-1\"><img width=\"150\" height=\"100\" src=\"https:\/\/rudolf-spiegl.at\/wordpress\/wp-content\/uploads\/2018\/09\/IMG_8342-150x100.jpg\" class=\"attachment-thumbnail size-thumbnail\" alt=\"\" loading=\"lazy\" aria-describedby=\"gallery-1-1299\" srcset=\"https:\/\/rudolf-spiegl.at\/wordpress\/wp-content\/uploads\/2018\/09\/IMG_8342-150x100.jpg 150w, https:\/\/rudolf-spiegl.at\/wordpress\/wp-content\/uploads\/2018\/09\/IMG_8342-300x200.jpg 300w, https:\/\/rudolf-spiegl.at\/wordpress\/wp-content\/uploads\/2018\/09\/IMG_8342-768x512.jpg 768w, https:\/\/rudolf-spiegl.at\/wordpress\/wp-content\/uploads\/2018\/09\/IMG_8342-1024x683.jpg 1024w, https:\/\/rudolf-spiegl.at\/wordpress\/wp-content\/uploads\/2018\/09\/IMG_8342-1200x800.jpg 1200w\" sizes=\"(max-width: 150px) 85vw, 150px\" \/><\/a>\n\t\t\t<\/div>\n\t\t\t\t<figcaption class='wp-caption-text gallery-caption' id='gallery-1-1299'>\n\t\t\t\tImmer wieder der Dachstein im Blick\n\t\t\t\t<\/figcaption><\/figure><figure class='gallery-item'>\n\t\t\t<div class='gallery-icon landscape'>\n\t\t\t\t<a href='https:\/\/rudolf-spiegl.at\/wordpress\/wp-content\/uploads\/2018\/09\/IMG_8347.jpg' title=\"\" data-rl_title=\"\" class=\"rl-gallery-link\" data-rl_caption=\"\" data-rel=\"lightbox-gallery-1\"><img width=\"150\" height=\"100\" src=\"https:\/\/rudolf-spiegl.at\/wordpress\/wp-content\/uploads\/2018\/09\/IMG_8347-150x100.jpg\" class=\"attachment-thumbnail size-thumbnail\" alt=\"\" loading=\"lazy\" aria-describedby=\"gallery-1-1300\" srcset=\"https:\/\/rudolf-spiegl.at\/wordpress\/wp-content\/uploads\/2018\/09\/IMG_8347-150x100.jpg 150w, https:\/\/rudolf-spiegl.at\/wordpress\/wp-content\/uploads\/2018\/09\/IMG_8347-300x200.jpg 300w, https:\/\/rudolf-spiegl.at\/wordpress\/wp-content\/uploads\/2018\/09\/IMG_8347-768x512.jpg 768w, https:\/\/rudolf-spiegl.at\/wordpress\/wp-content\/uploads\/2018\/09\/IMG_8347-1024x683.jpg 1024w, https:\/\/rudolf-spiegl.at\/wordpress\/wp-content\/uploads\/2018\/09\/IMG_8347-1200x800.jpg 1200w\" sizes=\"(max-width: 150px) 85vw, 150px\" \/><\/a>\n\t\t\t<\/div>\n\t\t\t\t<figcaption class='wp-caption-text gallery-caption' id='gallery-1-1300'>\n\t\t\t\tDie Trisselwand\n\t\t\t\t<\/figcaption><\/figure><figure class='gallery-item'>\n\t\t\t<div class='gallery-icon landscape'>\n\t\t\t\t<a href='https:\/\/rudolf-spiegl.at\/wordpress\/wp-content\/uploads\/2018\/09\/IMG_8350.jpg' title=\"\" data-rl_title=\"\" class=\"rl-gallery-link\" data-rl_caption=\"\" data-rel=\"lightbox-gallery-1\"><img width=\"150\" height=\"100\" src=\"https:\/\/rudolf-spiegl.at\/wordpress\/wp-content\/uploads\/2018\/09\/IMG_8350-150x100.jpg\" class=\"attachment-thumbnail size-thumbnail\" alt=\"\" loading=\"lazy\" aria-describedby=\"gallery-1-1301\" srcset=\"https:\/\/rudolf-spiegl.at\/wordpress\/wp-content\/uploads\/2018\/09\/IMG_8350-150x100.jpg 150w, https:\/\/rudolf-spiegl.at\/wordpress\/wp-content\/uploads\/2018\/09\/IMG_8350-300x200.jpg 300w, https:\/\/rudolf-spiegl.at\/wordpress\/wp-content\/uploads\/2018\/09\/IMG_8350-768x512.jpg 768w, https:\/\/rudolf-spiegl.at\/wordpress\/wp-content\/uploads\/2018\/09\/IMG_8350-1024x683.jpg 1024w, https:\/\/rudolf-spiegl.at\/wordpress\/wp-content\/uploads\/2018\/09\/IMG_8350-1200x800.jpg 1200w\" sizes=\"(max-width: 150px) 85vw, 150px\" \/><\/a>\n\t\t\t<\/div>\n\t\t\t\t<figcaption class='wp-caption-text gallery-caption' id='gallery-1-1301'>\n\t\t\t\tDie Barbara Kapelle\n\t\t\t\t<\/figcaption><\/figure><figure class='gallery-item'>\n\t\t\t<div class='gallery-icon landscape'>\n\t\t\t\t<a href='https:\/\/rudolf-spiegl.at\/wordpress\/wp-content\/uploads\/2018\/09\/IMG_8369.jpg' title=\"\" data-rl_title=\"\" class=\"rl-gallery-link\" data-rl_caption=\"\" data-rel=\"lightbox-gallery-1\"><img width=\"150\" height=\"100\" src=\"https:\/\/rudolf-spiegl.at\/wordpress\/wp-content\/uploads\/2018\/09\/IMG_8369-150x100.jpg\" class=\"attachment-thumbnail size-thumbnail\" alt=\"\" loading=\"lazy\" aria-describedby=\"gallery-1-1302\" srcset=\"https:\/\/rudolf-spiegl.at\/wordpress\/wp-content\/uploads\/2018\/09\/IMG_8369-150x100.jpg 150w, https:\/\/rudolf-spiegl.at\/wordpress\/wp-content\/uploads\/2018\/09\/IMG_8369-300x200.jpg 300w, https:\/\/rudolf-spiegl.at\/wordpress\/wp-content\/uploads\/2018\/09\/IMG_8369-768x512.jpg 768w, https:\/\/rudolf-spiegl.at\/wordpress\/wp-content\/uploads\/2018\/09\/IMG_8369-1024x683.jpg 1024w, https:\/\/rudolf-spiegl.at\/wordpress\/wp-content\/uploads\/2018\/09\/IMG_8369-1200x800.jpg 1200w\" sizes=\"(max-width: 150px) 85vw, 150px\" \/><\/a>\n\t\t\t<\/div>\n\t\t\t\t<figcaption class='wp-caption-text gallery-caption' id='gallery-1-1302'>\n\t\t\t\tDie Salzwelten als Konzertsaal\n\t\t\t\t<\/figcaption><\/figure><figure class='gallery-item'>\n\t\t\t<div class='gallery-icon landscape'>\n\t\t\t\t<a href='https:\/\/rudolf-spiegl.at\/wordpress\/wp-content\/uploads\/2018\/09\/IMG_8373.jpg' title=\"\" data-rl_title=\"\" class=\"rl-gallery-link\" data-rl_caption=\"\" data-rel=\"lightbox-gallery-1\"><img width=\"150\" height=\"100\" src=\"https:\/\/rudolf-spiegl.at\/wordpress\/wp-content\/uploads\/2018\/09\/IMG_8373-150x100.jpg\" class=\"attachment-thumbnail size-thumbnail\" alt=\"\" loading=\"lazy\" srcset=\"https:\/\/rudolf-spiegl.at\/wordpress\/wp-content\/uploads\/2018\/09\/IMG_8373-150x100.jpg 150w, https:\/\/rudolf-spiegl.at\/wordpress\/wp-content\/uploads\/2018\/09\/IMG_8373-300x200.jpg 300w, https:\/\/rudolf-spiegl.at\/wordpress\/wp-content\/uploads\/2018\/09\/IMG_8373-768x512.jpg 768w, https:\/\/rudolf-spiegl.at\/wordpress\/wp-content\/uploads\/2018\/09\/IMG_8373-1024x683.jpg 1024w, https:\/\/rudolf-spiegl.at\/wordpress\/wp-content\/uploads\/2018\/09\/IMG_8373-1200x800.jpg 1200w\" sizes=\"(max-width: 150px) 85vw, 150px\" \/><\/a>\n\t\t\t<\/div><\/figure><figure class='gallery-item'>\n\t\t\t<div class='gallery-icon landscape'>\n\t\t\t\t<a href='https:\/\/rudolf-spiegl.at\/wordpress\/wp-content\/uploads\/2018\/09\/IMG_8379.jpg' title=\"\" data-rl_title=\"\" class=\"rl-gallery-link\" data-rl_caption=\"\" data-rel=\"lightbox-gallery-1\"><img width=\"150\" height=\"100\" src=\"https:\/\/rudolf-spiegl.at\/wordpress\/wp-content\/uploads\/2018\/09\/IMG_8379-150x100.jpg\" class=\"attachment-thumbnail size-thumbnail\" alt=\"\" loading=\"lazy\" aria-describedby=\"gallery-1-1304\" srcset=\"https:\/\/rudolf-spiegl.at\/wordpress\/wp-content\/uploads\/2018\/09\/IMG_8379-150x100.jpg 150w, https:\/\/rudolf-spiegl.at\/wordpress\/wp-content\/uploads\/2018\/09\/IMG_8379-300x200.jpg 300w, https:\/\/rudolf-spiegl.at\/wordpress\/wp-content\/uploads\/2018\/09\/IMG_8379-768x512.jpg 768w, https:\/\/rudolf-spiegl.at\/wordpress\/wp-content\/uploads\/2018\/09\/IMG_8379-1024x683.jpg 1024w, https:\/\/rudolf-spiegl.at\/wordpress\/wp-content\/uploads\/2018\/09\/IMG_8379-1200x800.jpg 1200w\" sizes=\"(max-width: 150px) 85vw, 150px\" \/><\/a>\n\t\t\t<\/div>\n\t\t\t\t<figcaption class='wp-caption-text gallery-caption' id='gallery-1-1304'>\n\t\t\t\tNach der F\u00fchrung vor demSteinberghaus\n\t\t\t\t<\/figcaption><\/figure><figure class='gallery-item'>\n\t\t\t<div class='gallery-icon landscape'>\n\t\t\t\t<a href='https:\/\/rudolf-spiegl.at\/wordpress\/wp-content\/uploads\/2018\/09\/IMG_8381.jpg' title=\"\" data-rl_title=\"\" class=\"rl-gallery-link\" data-rl_caption=\"\" data-rel=\"lightbox-gallery-1\"><img width=\"150\" height=\"100\" src=\"https:\/\/rudolf-spiegl.at\/wordpress\/wp-content\/uploads\/2018\/09\/IMG_8381-150x100.jpg\" class=\"attachment-thumbnail size-thumbnail\" alt=\"\" loading=\"lazy\" aria-describedby=\"gallery-1-1305\" srcset=\"https:\/\/rudolf-spiegl.at\/wordpress\/wp-content\/uploads\/2018\/09\/IMG_8381-150x100.jpg 150w, https:\/\/rudolf-spiegl.at\/wordpress\/wp-content\/uploads\/2018\/09\/IMG_8381-300x200.jpg 300w, https:\/\/rudolf-spiegl.at\/wordpress\/wp-content\/uploads\/2018\/09\/IMG_8381-768x512.jpg 768w, https:\/\/rudolf-spiegl.at\/wordpress\/wp-content\/uploads\/2018\/09\/IMG_8381-1024x683.jpg 1024w, https:\/\/rudolf-spiegl.at\/wordpress\/wp-content\/uploads\/2018\/09\/IMG_8381-1200x800.jpg 1200w\" sizes=\"(max-width: 150px) 85vw, 150px\" \/><\/a>\n\t\t\t<\/div>\n\t\t\t\t<figcaption class='wp-caption-text gallery-caption' id='gallery-1-1305'>\n\t\t\t\tDer alles dominierende Loser\n\t\t\t\t<\/figcaption><\/figure>\n\t\t<\/div>\n\n<p>Peter Kammerst\u00e4tter erz\u00e4hlt 1993 auf der Pitschenbergalm aufgenommen von Ernst Schuller:<\/p>\n<!--[if lt IE 9]><script>document.createElement('audio');<\/script><![endif]-->\n<audio class=\"wp-audio-shortcode\" id=\"audio-1283-1\" preload=\"none\" style=\"width: 100%;\" controls=\"controls\"><source type=\"audio\/mpeg\" src=\"http:\/\/rudolf-spiegl.at\/wordpress\/wp-content\/uploads\/2018\/10\/peterkamerstaetter2.m4a?_=1\" \/><a href=\"http:\/\/rudolf-spiegl.at\/wordpress\/wp-content\/uploads\/2018\/10\/peterkamerstaetter2.m4a\">http:\/\/rudolf-spiegl.at\/wordpress\/wp-content\/uploads\/2018\/10\/peterkamerstaetter2.m4a<\/a><\/audio>\n<p>Die <a href=\"http:\/\/www.christof-group.at\/unternehmen\/christof-group-unternehmensstruktur\/\">Christof Group<\/a> ist der jetzige Jagdp\u00e4chter der Jagdh\u00fctte.<\/p>\n","protected":false},"excerpt":{"rendered":"<p>Peter Kammerst\u00e4tter erz\u00e4hlt 1993 auf der Pitschenbergalm aufgenommen von Ernst Schuller: Die Christof Group ist der jetzige Jagdp\u00e4chter der Jagdh\u00fctte.<\/p>\n","protected":false},"author":1,"featured_media":0,"parent":0,"menu_order":0,"comment_status":"open","ping_status":"closed","template":"","meta":[],"_links":{"self":[{"href":"https:\/\/rudolf-spiegl.at\/wordpress\/index.php?rest_route=\/wp\/v2\/pages\/1283"}],"collection":[{"href":"https:\/\/rudolf-spiegl.at\/wordpress\/index.php?rest_route=\/wp\/v2\/pages"}],"about":[{"href":"https:\/\/rudolf-spiegl.at\/wordpress\/index.php?rest_route=\/wp\/v2\/types\/page"}],"author":[{"embeddable":true,"href":"https:\/\/rudolf-spiegl.at\/wordpress\/index.php?rest_route=\/wp\/v2\/users\/1"}],"replies":[{"embeddable":true,"href":"https:\/\/rudolf-spiegl.at\/wordpress\/index.php?rest_route=%2Fwp%2Fv2%2Fcomments&post=1283"}],"version-history":[{"count":10,"href":"https:\/\/rudolf-spiegl.at\/wordpress\/index.php?rest_route=\/wp\/v2\/pages\/1283\/revisions"}],"predecessor-version":[{"id":1679,"href":"https:\/\/rudolf-spiegl.at\/wordpress\/index.php?rest_route=\/wp\/v2\/pages\/1283\/revisions\/1679"}],"wp:attachment":[{"href":"https:\/\/rudolf-spiegl.at\/wordpress\/index.php?rest_route=%2Fwp%2Fv2%2Fmedia&parent=1283"}],"curies":[{"name":"wp","href":"https:\/\/api.w.org\/{rel}","templated":true}]}}