{"id":1030,"date":"2017-03-12T10:08:58","date_gmt":"2017-03-12T09:08:58","guid":{"rendered":"http:\/\/rudolf-spiegl.at\/wordpress\/?page_id=1030"},"modified":"2017-03-13T08:34:41","modified_gmt":"2017-03-13T07:34:41","slug":"vez-fahrradprojekt-in-fakena","status":"publish","type":"page","link":"https:\/\/rudolf-spiegl.at\/wordpress\/?page_id=1030","title":{"rendered":"VEZ Fahrradprojekt in Fakena"},"content":{"rendered":"<h3>Was passiert mit den R\u00e4dern?<\/h3>\n<p>Die R\u00e4der werden in Altenberg zerlegt:<br \/>\n<iframe src=\"https:\/\/player.vimeo.com\/video\/204572458\" width=\"640\" height=\"360\" frameborder=\"0\" allowfullscreen=\"allowfullscreen\"><\/iframe><\/p>\n<p><a href=\"https:\/\/vimeo.com\/204572458\" data-rel=\"lightbox-video-0\">Radl Zerlegen<\/a> from <a href=\"https:\/\/vimeo.com\/user24775086\">Rudolf Spiegl<\/a> on <a href=\"https:\/\/vimeo.com\">Vimeo<\/a>.<\/p>\n<p>Dann kommen sie in einen Container und werden nach Accra verschifft. \u00a0Weiter\u00a0geht es per LKW nach Fakena in Burkina Faso. Die R\u00e4der werden dort wieder zusammengebaut und wenn notwendig repariert. Dann werden sie im Dorf und in den umliegenden Orten verkauft.<\/p>\n<h3>Was passiert mit dem Verkaufserl\u00f6s?<\/h3>\n<p>Mit dem Erl\u00f6s aus dem Verkauf der R\u00e4der der beiden letzten Container wird derzeit eine Grundschule f\u00fcr 360 Kinder erweitert. Die n\u00f6tige Ausstattung mit Tischen und B\u00e4nken, die ebenfalls im Dorf hergestellt werden, kann finanziert und Lernmaterial angeschafft werden. Dadurch ist es m\u00f6glich, dass alle Kinder des Dorfes die Grund- schule besuchen k\u00f6nnen und sie damit eine echte Chance in ihrem Leben bekommen.<\/p>\n<p>Link zur Homepage vom VEZ:\u00a0<a href=\"http:\/\/www.roogo.org\/wp-vez\/\">http:\/\/www.roogo.org\/wp-vez\/<\/a><\/p>\n<div id='gallery-1' class='gallery galleryid-1030 gallery-columns-3 gallery-size-thumbnail'><figure class='gallery-item'>\n\t\t\t<div class='gallery-icon landscape'>\n\t\t\t\t<a href='https:\/\/rudolf-spiegl.at\/wordpress\/wp-content\/uploads\/2017\/03\/IMG_6960.jpg' title=\"\" data-rl_title=\"\" class=\"rl-gallery-link\" data-rl_caption=\"\" data-rel=\"lightbox-gallery-1\"><img width=\"150\" height=\"100\" src=\"https:\/\/rudolf-spiegl.at\/wordpress\/wp-content\/uploads\/2017\/03\/IMG_6960-150x100.jpg\" class=\"attachment-thumbnail size-thumbnail\" alt=\"\" loading=\"lazy\" aria-describedby=\"gallery-1-1041\" srcset=\"https:\/\/rudolf-spiegl.at\/wordpress\/wp-content\/uploads\/2017\/03\/IMG_6960-150x100.jpg 150w, https:\/\/rudolf-spiegl.at\/wordpress\/wp-content\/uploads\/2017\/03\/IMG_6960-300x200.jpg 300w, https:\/\/rudolf-spiegl.at\/wordpress\/wp-content\/uploads\/2017\/03\/IMG_6960-768x512.jpg 768w, https:\/\/rudolf-spiegl.at\/wordpress\/wp-content\/uploads\/2017\/03\/IMG_6960-1024x683.jpg 1024w, https:\/\/rudolf-spiegl.at\/wordpress\/wp-content\/uploads\/2017\/03\/IMG_6960-1200x800.jpg 1200w, https:\/\/rudolf-spiegl.at\/wordpress\/wp-content\/uploads\/2017\/03\/IMG_6960.jpg 1600w\" sizes=\"(max-width: 150px) 85vw, 150px\" \/><\/a>\n\t\t\t<\/div>\n\t\t\t\t<figcaption class='wp-caption-text gallery-caption' id='gallery-1-1041'>\n\t\t\t\tDer Schuldirektor\n\t\t\t\t<\/figcaption><\/figure><figure class='gallery-item'>\n\t\t\t<div class='gallery-icon landscape'>\n\t\t\t\t<a href='https:\/\/rudolf-spiegl.at\/wordpress\/wp-content\/uploads\/2017\/03\/IMG_6967.jpg' title=\"\" data-rl_title=\"\" class=\"rl-gallery-link\" data-rl_caption=\"\" data-rel=\"lightbox-gallery-1\"><img width=\"150\" height=\"100\" src=\"https:\/\/rudolf-spiegl.at\/wordpress\/wp-content\/uploads\/2017\/03\/IMG_6967-150x100.jpg\" class=\"attachment-thumbnail size-thumbnail\" alt=\"\" loading=\"lazy\" aria-describedby=\"gallery-1-1042\" srcset=\"https:\/\/rudolf-spiegl.at\/wordpress\/wp-content\/uploads\/2017\/03\/IMG_6967-150x100.jpg 150w, https:\/\/rudolf-spiegl.at\/wordpress\/wp-content\/uploads\/2017\/03\/IMG_6967-300x200.jpg 300w, https:\/\/rudolf-spiegl.at\/wordpress\/wp-content\/uploads\/2017\/03\/IMG_6967-768x512.jpg 768w, https:\/\/rudolf-spiegl.at\/wordpress\/wp-content\/uploads\/2017\/03\/IMG_6967-1024x683.jpg 1024w, https:\/\/rudolf-spiegl.at\/wordpress\/wp-content\/uploads\/2017\/03\/IMG_6967-1200x800.jpg 1200w, https:\/\/rudolf-spiegl.at\/wordpress\/wp-content\/uploads\/2017\/03\/IMG_6967.jpg 1600w\" sizes=\"(max-width: 150px) 85vw, 150px\" \/><\/a>\n\t\t\t<\/div>\n\t\t\t\t<figcaption class='wp-caption-text gallery-caption' id='gallery-1-1042'>\n\t\t\t\tIm Unterricht\n\t\t\t\t<\/figcaption><\/figure><figure class='gallery-item'>\n\t\t\t<div class='gallery-icon portrait'>\n\t\t\t\t<a href='https:\/\/rudolf-spiegl.at\/wordpress\/wp-content\/uploads\/2017\/03\/IMG_6975.jpg' title=\"\" data-rl_title=\"\" class=\"rl-gallery-link\" data-rl_caption=\"\" data-rel=\"lightbox-gallery-1\"><img width=\"100\" height=\"150\" src=\"https:\/\/rudolf-spiegl.at\/wordpress\/wp-content\/uploads\/2017\/03\/IMG_6975-100x150.jpg\" class=\"attachment-thumbnail size-thumbnail\" alt=\"\" loading=\"lazy\" aria-describedby=\"gallery-1-1043\" srcset=\"https:\/\/rudolf-spiegl.at\/wordpress\/wp-content\/uploads\/2017\/03\/IMG_6975-100x150.jpg 100w, https:\/\/rudolf-spiegl.at\/wordpress\/wp-content\/uploads\/2017\/03\/IMG_6975-200x300.jpg 200w, https:\/\/rudolf-spiegl.at\/wordpress\/wp-content\/uploads\/2017\/03\/IMG_6975-768x1152.jpg 768w, https:\/\/rudolf-spiegl.at\/wordpress\/wp-content\/uploads\/2017\/03\/IMG_6975-683x1024.jpg 683w, https:\/\/rudolf-spiegl.at\/wordpress\/wp-content\/uploads\/2017\/03\/IMG_6975.jpg 1067w\" sizes=\"(max-width: 100px) 85vw, 100px\" \/><\/a>\n\t\t\t<\/div>\n\t\t\t\t<figcaption class='wp-caption-text gallery-caption' id='gallery-1-1043'>\n\t\t\t\tIm Unterricht\n\t\t\t\t<\/figcaption><\/figure><figure class='gallery-item'>\n\t\t\t<div class='gallery-icon landscape'>\n\t\t\t\t<a href='https:\/\/rudolf-spiegl.at\/wordpress\/wp-content\/uploads\/2017\/03\/IMG_6981.jpg' title=\"\" data-rl_title=\"\" class=\"rl-gallery-link\" data-rl_caption=\"\" data-rel=\"lightbox-gallery-1\"><img width=\"150\" height=\"100\" src=\"https:\/\/rudolf-spiegl.at\/wordpress\/wp-content\/uploads\/2017\/03\/IMG_6981-150x100.jpg\" class=\"attachment-thumbnail size-thumbnail\" alt=\"\" loading=\"lazy\" aria-describedby=\"gallery-1-1044\" srcset=\"https:\/\/rudolf-spiegl.at\/wordpress\/wp-content\/uploads\/2017\/03\/IMG_6981-150x100.jpg 150w, https:\/\/rudolf-spiegl.at\/wordpress\/wp-content\/uploads\/2017\/03\/IMG_6981-300x200.jpg 300w, https:\/\/rudolf-spiegl.at\/wordpress\/wp-content\/uploads\/2017\/03\/IMG_6981-768x512.jpg 768w, https:\/\/rudolf-spiegl.at\/wordpress\/wp-content\/uploads\/2017\/03\/IMG_6981-1024x683.jpg 1024w, https:\/\/rudolf-spiegl.at\/wordpress\/wp-content\/uploads\/2017\/03\/IMG_6981-1200x800.jpg 1200w, https:\/\/rudolf-spiegl.at\/wordpress\/wp-content\/uploads\/2017\/03\/IMG_6981.jpg 1600w\" sizes=\"(max-width: 150px) 85vw, 150px\" \/><\/a>\n\t\t\t<\/div>\n\t\t\t\t<figcaption class='wp-caption-text gallery-caption' id='gallery-1-1044'>\n\t\t\t\tEine Schulklasse mit 100 Sch\u00fclern\n\t\t\t\t<\/figcaption><\/figure><figure class='gallery-item'>\n\t\t\t<div class='gallery-icon landscape'>\n\t\t\t\t<a href='https:\/\/rudolf-spiegl.at\/wordpress\/wp-content\/uploads\/2017\/03\/IMG_6983.jpg' title=\"\" data-rl_title=\"\" class=\"rl-gallery-link\" data-rl_caption=\"\" data-rel=\"lightbox-gallery-1\"><img width=\"150\" height=\"100\" src=\"https:\/\/rudolf-spiegl.at\/wordpress\/wp-content\/uploads\/2017\/03\/IMG_6983-150x100.jpg\" class=\"attachment-thumbnail size-thumbnail\" alt=\"\" loading=\"lazy\" aria-describedby=\"gallery-1-1045\" srcset=\"https:\/\/rudolf-spiegl.at\/wordpress\/wp-content\/uploads\/2017\/03\/IMG_6983-150x100.jpg 150w, https:\/\/rudolf-spiegl.at\/wordpress\/wp-content\/uploads\/2017\/03\/IMG_6983-300x200.jpg 300w, https:\/\/rudolf-spiegl.at\/wordpress\/wp-content\/uploads\/2017\/03\/IMG_6983-768x512.jpg 768w, https:\/\/rudolf-spiegl.at\/wordpress\/wp-content\/uploads\/2017\/03\/IMG_6983-1024x683.jpg 1024w, https:\/\/rudolf-spiegl.at\/wordpress\/wp-content\/uploads\/2017\/03\/IMG_6983-1200x800.jpg 1200w, https:\/\/rudolf-spiegl.at\/wordpress\/wp-content\/uploads\/2017\/03\/IMG_6983.jpg 1600w\" sizes=\"(max-width: 150px) 85vw, 150px\" \/><\/a>\n\t\t\t<\/div>\n\t\t\t\t<figcaption class='wp-caption-text gallery-caption' id='gallery-1-1045'>\n\t\t\t\tEine andere Klasse mit 120\n\t\t\t\t<\/figcaption><\/figure><figure class='gallery-item'>\n\t\t\t<div class='gallery-icon landscape'>\n\t\t\t\t<a href='https:\/\/rudolf-spiegl.at\/wordpress\/wp-content\/uploads\/2017\/03\/IMG_6790.jpg' title=\"\" data-rl_title=\"\" class=\"rl-gallery-link\" data-rl_caption=\"\" data-rel=\"lightbox-gallery-1\"><img width=\"150\" height=\"100\" src=\"https:\/\/rudolf-spiegl.at\/wordpress\/wp-content\/uploads\/2017\/03\/IMG_6790-150x100.jpg\" class=\"attachment-thumbnail size-thumbnail\" alt=\"\" loading=\"lazy\" aria-describedby=\"gallery-1-1032\" srcset=\"https:\/\/rudolf-spiegl.at\/wordpress\/wp-content\/uploads\/2017\/03\/IMG_6790-150x100.jpg 150w, https:\/\/rudolf-spiegl.at\/wordpress\/wp-content\/uploads\/2017\/03\/IMG_6790-300x200.jpg 300w, https:\/\/rudolf-spiegl.at\/wordpress\/wp-content\/uploads\/2017\/03\/IMG_6790-768x512.jpg 768w, https:\/\/rudolf-spiegl.at\/wordpress\/wp-content\/uploads\/2017\/03\/IMG_6790-1024x683.jpg 1024w, https:\/\/rudolf-spiegl.at\/wordpress\/wp-content\/uploads\/2017\/03\/IMG_6790-1200x800.jpg 1200w, https:\/\/rudolf-spiegl.at\/wordpress\/wp-content\/uploads\/2017\/03\/IMG_6790.jpg 1600w\" sizes=\"(max-width: 150px) 85vw, 150px\" \/><\/a>\n\t\t\t<\/div>\n\t\t\t\t<figcaption class='wp-caption-text gallery-caption' id='gallery-1-1032'>\n\t\t\t\tDie Frauengruppe ACRA\n\t\t\t\t<\/figcaption><\/figure><figure class='gallery-item'>\n\t\t\t<div class='gallery-icon landscape'>\n\t\t\t\t<a href='https:\/\/rudolf-spiegl.at\/wordpress\/wp-content\/uploads\/2017\/03\/IMG_6865.jpg' title=\"\" data-rl_title=\"\" class=\"rl-gallery-link\" data-rl_caption=\"\" data-rel=\"lightbox-gallery-1\"><img width=\"150\" height=\"100\" src=\"https:\/\/rudolf-spiegl.at\/wordpress\/wp-content\/uploads\/2017\/03\/IMG_6865-150x100.jpg\" class=\"attachment-thumbnail size-thumbnail\" alt=\"\" loading=\"lazy\" aria-describedby=\"gallery-1-1033\" srcset=\"https:\/\/rudolf-spiegl.at\/wordpress\/wp-content\/uploads\/2017\/03\/IMG_6865-150x100.jpg 150w, https:\/\/rudolf-spiegl.at\/wordpress\/wp-content\/uploads\/2017\/03\/IMG_6865-300x200.jpg 300w, https:\/\/rudolf-spiegl.at\/wordpress\/wp-content\/uploads\/2017\/03\/IMG_6865-768x512.jpg 768w, https:\/\/rudolf-spiegl.at\/wordpress\/wp-content\/uploads\/2017\/03\/IMG_6865-1024x683.jpg 1024w, https:\/\/rudolf-spiegl.at\/wordpress\/wp-content\/uploads\/2017\/03\/IMG_6865-1200x800.jpg 1200w, https:\/\/rudolf-spiegl.at\/wordpress\/wp-content\/uploads\/2017\/03\/IMG_6865.jpg 1600w\" sizes=\"(max-width: 150px) 85vw, 150px\" \/><\/a>\n\t\t\t<\/div>\n\t\t\t\t<figcaption class='wp-caption-text gallery-caption' id='gallery-1-1033'>\n\t\t\t\tGetreidem\u00fchle\n\t\t\t\t<\/figcaption><\/figure><figure class='gallery-item'>\n\t\t\t<div class='gallery-icon landscape'>\n\t\t\t\t<a href='https:\/\/rudolf-spiegl.at\/wordpress\/wp-content\/uploads\/2017\/03\/IMG_6946.jpg' title=\"\" data-rl_title=\"\" class=\"rl-gallery-link\" data-rl_caption=\"\" data-rel=\"lightbox-gallery-1\"><img width=\"150\" height=\"100\" src=\"https:\/\/rudolf-spiegl.at\/wordpress\/wp-content\/uploads\/2017\/03\/IMG_6946-150x100.jpg\" class=\"attachment-thumbnail size-thumbnail\" alt=\"\" loading=\"lazy\" aria-describedby=\"gallery-1-1036\" srcset=\"https:\/\/rudolf-spiegl.at\/wordpress\/wp-content\/uploads\/2017\/03\/IMG_6946-150x100.jpg 150w, https:\/\/rudolf-spiegl.at\/wordpress\/wp-content\/uploads\/2017\/03\/IMG_6946-300x200.jpg 300w, https:\/\/rudolf-spiegl.at\/wordpress\/wp-content\/uploads\/2017\/03\/IMG_6946-768x512.jpg 768w, https:\/\/rudolf-spiegl.at\/wordpress\/wp-content\/uploads\/2017\/03\/IMG_6946-1024x683.jpg 1024w, https:\/\/rudolf-spiegl.at\/wordpress\/wp-content\/uploads\/2017\/03\/IMG_6946-1200x800.jpg 1200w, https:\/\/rudolf-spiegl.at\/wordpress\/wp-content\/uploads\/2017\/03\/IMG_6946.jpg 1600w\" sizes=\"(max-width: 150px) 85vw, 150px\" \/><\/a>\n\t\t\t<\/div>\n\t\t\t\t<figcaption class='wp-caption-text gallery-caption' id='gallery-1-1036'>\n\t\t\t\tIr\u00e9n\u00e9 vom Verein YIPONI\n\t\t\t\t<\/figcaption><\/figure><figure class='gallery-item'>\n\t\t\t<div class='gallery-icon portrait'>\n\t\t\t\t<a href='https:\/\/rudolf-spiegl.at\/wordpress\/wp-content\/uploads\/2017\/03\/IMG_6947.jpg' title=\"\" data-rl_title=\"\" class=\"rl-gallery-link\" data-rl_caption=\"\" data-rel=\"lightbox-gallery-1\"><img width=\"100\" height=\"150\" src=\"https:\/\/rudolf-spiegl.at\/wordpress\/wp-content\/uploads\/2017\/03\/IMG_6947-100x150.jpg\" class=\"attachment-thumbnail size-thumbnail\" alt=\"\" loading=\"lazy\" aria-describedby=\"gallery-1-1037\" srcset=\"https:\/\/rudolf-spiegl.at\/wordpress\/wp-content\/uploads\/2017\/03\/IMG_6947-100x150.jpg 100w, https:\/\/rudolf-spiegl.at\/wordpress\/wp-content\/uploads\/2017\/03\/IMG_6947-200x300.jpg 200w, https:\/\/rudolf-spiegl.at\/wordpress\/wp-content\/uploads\/2017\/03\/IMG_6947-768x1152.jpg 768w, https:\/\/rudolf-spiegl.at\/wordpress\/wp-content\/uploads\/2017\/03\/IMG_6947-683x1024.jpg 683w, https:\/\/rudolf-spiegl.at\/wordpress\/wp-content\/uploads\/2017\/03\/IMG_6947.jpg 1067w\" sizes=\"(max-width: 100px) 85vw, 100px\" \/><\/a>\n\t\t\t<\/div>\n\t\t\t\t<figcaption class='wp-caption-text gallery-caption' id='gallery-1-1037'>\n\t\t\t\tMitglieder des Dorfrats\n\t\t\t\t<\/figcaption><\/figure><figure class='gallery-item'>\n\t\t\t<div class='gallery-icon portrait'>\n\t\t\t\t<a href='https:\/\/rudolf-spiegl.at\/wordpress\/wp-content\/uploads\/2017\/03\/IMG_6949.jpg' title=\"\" data-rl_title=\"\" class=\"rl-gallery-link\" data-rl_caption=\"\" data-rel=\"lightbox-gallery-1\"><img width=\"100\" height=\"150\" src=\"https:\/\/rudolf-spiegl.at\/wordpress\/wp-content\/uploads\/2017\/03\/IMG_6949-100x150.jpg\" class=\"attachment-thumbnail size-thumbnail\" alt=\"\" loading=\"lazy\" aria-describedby=\"gallery-1-1038\" srcset=\"https:\/\/rudolf-spiegl.at\/wordpress\/wp-content\/uploads\/2017\/03\/IMG_6949-100x150.jpg 100w, https:\/\/rudolf-spiegl.at\/wordpress\/wp-content\/uploads\/2017\/03\/IMG_6949-200x300.jpg 200w, https:\/\/rudolf-spiegl.at\/wordpress\/wp-content\/uploads\/2017\/03\/IMG_6949-768x1152.jpg 768w, https:\/\/rudolf-spiegl.at\/wordpress\/wp-content\/uploads\/2017\/03\/IMG_6949-683x1024.jpg 683w, https:\/\/rudolf-spiegl.at\/wordpress\/wp-content\/uploads\/2017\/03\/IMG_6949.jpg 1067w\" sizes=\"(max-width: 100px) 85vw, 100px\" \/><\/a>\n\t\t\t<\/div>\n\t\t\t\t<figcaption class='wp-caption-text gallery-caption' id='gallery-1-1038'>\n\t\t\t\tMitglieder des Dorfrats\n\t\t\t\t<\/figcaption><\/figure><figure class='gallery-item'>\n\t\t\t<div class='gallery-icon portrait'>\n\t\t\t\t<a href='https:\/\/rudolf-spiegl.at\/wordpress\/wp-content\/uploads\/2017\/03\/IMG_6950.jpg' title=\"\" data-rl_title=\"\" class=\"rl-gallery-link\" data-rl_caption=\"\" data-rel=\"lightbox-gallery-1\"><img width=\"100\" height=\"150\" src=\"https:\/\/rudolf-spiegl.at\/wordpress\/wp-content\/uploads\/2017\/03\/IMG_6950-100x150.jpg\" class=\"attachment-thumbnail size-thumbnail\" alt=\"\" loading=\"lazy\" aria-describedby=\"gallery-1-1039\" srcset=\"https:\/\/rudolf-spiegl.at\/wordpress\/wp-content\/uploads\/2017\/03\/IMG_6950-100x150.jpg 100w, https:\/\/rudolf-spiegl.at\/wordpress\/wp-content\/uploads\/2017\/03\/IMG_6950-200x300.jpg 200w, https:\/\/rudolf-spiegl.at\/wordpress\/wp-content\/uploads\/2017\/03\/IMG_6950-768x1152.jpg 768w, https:\/\/rudolf-spiegl.at\/wordpress\/wp-content\/uploads\/2017\/03\/IMG_6950-683x1024.jpg 683w, https:\/\/rudolf-spiegl.at\/wordpress\/wp-content\/uploads\/2017\/03\/IMG_6950.jpg 1067w\" sizes=\"(max-width: 100px) 85vw, 100px\" \/><\/a>\n\t\t\t<\/div>\n\t\t\t\t<figcaption class='wp-caption-text gallery-caption' id='gallery-1-1039'>\n\t\t\t\tMitglieder des Dorfrats\n\t\t\t\t<\/figcaption><\/figure><figure class='gallery-item'>\n\t\t\t<div class='gallery-icon portrait'>\n\t\t\t\t<a href='https:\/\/rudolf-spiegl.at\/wordpress\/wp-content\/uploads\/2017\/03\/IMG_6953.jpg' title=\"\" data-rl_title=\"\" class=\"rl-gallery-link\" data-rl_caption=\"\" data-rel=\"lightbox-gallery-1\"><img width=\"100\" height=\"150\" src=\"https:\/\/rudolf-spiegl.at\/wordpress\/wp-content\/uploads\/2017\/03\/IMG_6953-100x150.jpg\" class=\"attachment-thumbnail size-thumbnail\" alt=\"\" loading=\"lazy\" aria-describedby=\"gallery-1-1040\" srcset=\"https:\/\/rudolf-spiegl.at\/wordpress\/wp-content\/uploads\/2017\/03\/IMG_6953-100x150.jpg 100w, https:\/\/rudolf-spiegl.at\/wordpress\/wp-content\/uploads\/2017\/03\/IMG_6953-200x300.jpg 200w, https:\/\/rudolf-spiegl.at\/wordpress\/wp-content\/uploads\/2017\/03\/IMG_6953-768x1152.jpg 768w, https:\/\/rudolf-spiegl.at\/wordpress\/wp-content\/uploads\/2017\/03\/IMG_6953-683x1024.jpg 683w, https:\/\/rudolf-spiegl.at\/wordpress\/wp-content\/uploads\/2017\/03\/IMG_6953.jpg 1067w\" sizes=\"(max-width: 100px) 85vw, 100px\" \/><\/a>\n\t\t\t<\/div>\n\t\t\t\t<figcaption class='wp-caption-text gallery-caption' id='gallery-1-1040'>\n\t\t\t\tMitglieder des Dorfrats\n\t\t\t\t<\/figcaption><\/figure><figure class='gallery-item'>\n\t\t\t<div class='gallery-icon portrait'>\n\t\t\t\t<a href='https:\/\/rudolf-spiegl.at\/wordpress\/wp-content\/uploads\/2017\/03\/IMG_6945.jpg' title=\"\" data-rl_title=\"\" class=\"rl-gallery-link\" data-rl_caption=\"\" data-rel=\"lightbox-gallery-1\"><img width=\"100\" height=\"150\" src=\"https:\/\/rudolf-spiegl.at\/wordpress\/wp-content\/uploads\/2017\/03\/IMG_6945-100x150.jpg\" class=\"attachment-thumbnail size-thumbnail\" alt=\"\" loading=\"lazy\" aria-describedby=\"gallery-1-1035\" srcset=\"https:\/\/rudolf-spiegl.at\/wordpress\/wp-content\/uploads\/2017\/03\/IMG_6945-100x150.jpg 100w, https:\/\/rudolf-spiegl.at\/wordpress\/wp-content\/uploads\/2017\/03\/IMG_6945-200x300.jpg 200w, https:\/\/rudolf-spiegl.at\/wordpress\/wp-content\/uploads\/2017\/03\/IMG_6945-768x1152.jpg 768w, https:\/\/rudolf-spiegl.at\/wordpress\/wp-content\/uploads\/2017\/03\/IMG_6945-683x1024.jpg 683w, https:\/\/rudolf-spiegl.at\/wordpress\/wp-content\/uploads\/2017\/03\/IMG_6945.jpg 1067w\" sizes=\"(max-width: 100px) 85vw, 100px\" \/><\/a>\n\t\t\t<\/div>\n\t\t\t\t<figcaption class='wp-caption-text gallery-caption' id='gallery-1-1035'>\n\t\t\t\tOuzman unser \u00dcbersetzer \n\t\t\t\t<\/figcaption><\/figure><figure class='gallery-item'>\n\t\t\t<div class='gallery-icon portrait'>\n\t\t\t\t<a href='https:\/\/rudolf-spiegl.at\/wordpress\/wp-content\/uploads\/2017\/03\/IMG_7042.jpg' title=\"\" data-rl_title=\"\" class=\"rl-gallery-link\" data-rl_caption=\"\" data-rel=\"lightbox-gallery-1\"><img width=\"100\" height=\"150\" src=\"https:\/\/rudolf-spiegl.at\/wordpress\/wp-content\/uploads\/2017\/03\/IMG_7042-100x150.jpg\" class=\"attachment-thumbnail size-thumbnail\" alt=\"\" loading=\"lazy\" srcset=\"https:\/\/rudolf-spiegl.at\/wordpress\/wp-content\/uploads\/2017\/03\/IMG_7042-100x150.jpg 100w, https:\/\/rudolf-spiegl.at\/wordpress\/wp-content\/uploads\/2017\/03\/IMG_7042-200x300.jpg 200w, https:\/\/rudolf-spiegl.at\/wordpress\/wp-content\/uploads\/2017\/03\/IMG_7042-768x1152.jpg 768w, https:\/\/rudolf-spiegl.at\/wordpress\/wp-content\/uploads\/2017\/03\/IMG_7042-683x1024.jpg 683w, https:\/\/rudolf-spiegl.at\/wordpress\/wp-content\/uploads\/2017\/03\/IMG_7042.jpg 1067w\" sizes=\"(max-width: 100px) 85vw, 100px\" \/><\/a>\n\t\t\t<\/div><\/figure><figure class='gallery-item'>\n\t\t\t<div class='gallery-icon landscape'>\n\t\t\t\t<a href='https:\/\/rudolf-spiegl.at\/wordpress\/wp-content\/uploads\/2017\/03\/IMG_7064.jpg' title=\"\" data-rl_title=\"\" class=\"rl-gallery-link\" data-rl_caption=\"\" data-rel=\"lightbox-gallery-1\"><img width=\"150\" height=\"100\" src=\"https:\/\/rudolf-spiegl.at\/wordpress\/wp-content\/uploads\/2017\/03\/IMG_7064-150x100.jpg\" class=\"attachment-thumbnail size-thumbnail\" alt=\"\" loading=\"lazy\" srcset=\"https:\/\/rudolf-spiegl.at\/wordpress\/wp-content\/uploads\/2017\/03\/IMG_7064-150x100.jpg 150w, https:\/\/rudolf-spiegl.at\/wordpress\/wp-content\/uploads\/2017\/03\/IMG_7064-300x200.jpg 300w, https:\/\/rudolf-spiegl.at\/wordpress\/wp-content\/uploads\/2017\/03\/IMG_7064-768x512.jpg 768w, https:\/\/rudolf-spiegl.at\/wordpress\/wp-content\/uploads\/2017\/03\/IMG_7064-1024x683.jpg 1024w, https:\/\/rudolf-spiegl.at\/wordpress\/wp-content\/uploads\/2017\/03\/IMG_7064-1200x800.jpg 1200w, https:\/\/rudolf-spiegl.at\/wordpress\/wp-content\/uploads\/2017\/03\/IMG_7064.jpg 1600w\" sizes=\"(max-width: 150px) 85vw, 150px\" \/><\/a>\n\t\t\t<\/div><\/figure><figure class='gallery-item'>\n\t\t\t<div class='gallery-icon portrait'>\n\t\t\t\t<a href='https:\/\/rudolf-spiegl.at\/wordpress\/wp-content\/uploads\/2017\/03\/IMG_7071.jpg' title=\"\" data-rl_title=\"\" class=\"rl-gallery-link\" data-rl_caption=\"\" data-rel=\"lightbox-gallery-1\"><img width=\"100\" height=\"150\" src=\"https:\/\/rudolf-spiegl.at\/wordpress\/wp-content\/uploads\/2017\/03\/IMG_7071-100x150.jpg\" class=\"attachment-thumbnail size-thumbnail\" alt=\"\" loading=\"lazy\" srcset=\"https:\/\/rudolf-spiegl.at\/wordpress\/wp-content\/uploads\/2017\/03\/IMG_7071-100x150.jpg 100w, https:\/\/rudolf-spiegl.at\/wordpress\/wp-content\/uploads\/2017\/03\/IMG_7071-200x300.jpg 200w, https:\/\/rudolf-spiegl.at\/wordpress\/wp-content\/uploads\/2017\/03\/IMG_7071-768x1152.jpg 768w, https:\/\/rudolf-spiegl.at\/wordpress\/wp-content\/uploads\/2017\/03\/IMG_7071-683x1024.jpg 683w, https:\/\/rudolf-spiegl.at\/wordpress\/wp-content\/uploads\/2017\/03\/IMG_7071.jpg 1067w\" sizes=\"(max-width: 100px) 85vw, 100px\" \/><\/a>\n\t\t\t<\/div><\/figure><figure class='gallery-item'>\n\t\t\t<div class='gallery-icon landscape'>\n\t\t\t\t<a href='https:\/\/rudolf-spiegl.at\/wordpress\/wp-content\/uploads\/2017\/03\/IMG_7095.jpg' title=\"\" data-rl_title=\"\" class=\"rl-gallery-link\" data-rl_caption=\"\" data-rel=\"lightbox-gallery-1\"><img width=\"150\" height=\"100\" src=\"https:\/\/rudolf-spiegl.at\/wordpress\/wp-content\/uploads\/2017\/03\/IMG_7095-150x100.jpg\" class=\"attachment-thumbnail size-thumbnail\" alt=\"\" loading=\"lazy\" aria-describedby=\"gallery-1-1049\" srcset=\"https:\/\/rudolf-spiegl.at\/wordpress\/wp-content\/uploads\/2017\/03\/IMG_7095-150x100.jpg 150w, https:\/\/rudolf-spiegl.at\/wordpress\/wp-content\/uploads\/2017\/03\/IMG_7095-300x200.jpg 300w, https:\/\/rudolf-spiegl.at\/wordpress\/wp-content\/uploads\/2017\/03\/IMG_7095-768x512.jpg 768w, https:\/\/rudolf-spiegl.at\/wordpress\/wp-content\/uploads\/2017\/03\/IMG_7095-1024x683.jpg 1024w, https:\/\/rudolf-spiegl.at\/wordpress\/wp-content\/uploads\/2017\/03\/IMG_7095-1200x800.jpg 1200w, https:\/\/rudolf-spiegl.at\/wordpress\/wp-content\/uploads\/2017\/03\/IMG_7095.jpg 1600w\" sizes=\"(max-width: 150px) 85vw, 150px\" \/><\/a>\n\t\t\t<\/div>\n\t\t\t\t<figcaption class='wp-caption-text gallery-caption' id='gallery-1-1049'>\n\t\t\t\tK\u00fcche bei Ir\u00e9n\u00e9 zuhause\n\t\t\t\t<\/figcaption><\/figure><figure class='gallery-item'>\n\t\t\t<div class='gallery-icon landscape'>\n\t\t\t\t<a href='https:\/\/rudolf-spiegl.at\/wordpress\/wp-content\/uploads\/2017\/03\/IMG_6931.jpg' title=\"\" data-rl_title=\"\" class=\"rl-gallery-link\" data-rl_caption=\"\" data-rel=\"lightbox-gallery-1\"><img width=\"150\" height=\"100\" src=\"https:\/\/rudolf-spiegl.at\/wordpress\/wp-content\/uploads\/2017\/03\/IMG_6931-150x100.jpg\" class=\"attachment-thumbnail size-thumbnail\" alt=\"\" loading=\"lazy\" srcset=\"https:\/\/rudolf-spiegl.at\/wordpress\/wp-content\/uploads\/2017\/03\/IMG_6931-150x100.jpg 150w, https:\/\/rudolf-spiegl.at\/wordpress\/wp-content\/uploads\/2017\/03\/IMG_6931-300x200.jpg 300w, https:\/\/rudolf-spiegl.at\/wordpress\/wp-content\/uploads\/2017\/03\/IMG_6931-768x512.jpg 768w, https:\/\/rudolf-spiegl.at\/wordpress\/wp-content\/uploads\/2017\/03\/IMG_6931-1024x683.jpg 1024w, https:\/\/rudolf-spiegl.at\/wordpress\/wp-content\/uploads\/2017\/03\/IMG_6931-1200x800.jpg 1200w, https:\/\/rudolf-spiegl.at\/wordpress\/wp-content\/uploads\/2017\/03\/IMG_6931.jpg 1600w\" sizes=\"(max-width: 150px) 85vw, 150px\" \/><\/a>\n\t\t\t<\/div><\/figure>\n\t\t<\/div>\n\n<p>&nbsp;<\/p>\n<p>&nbsp;<\/p>\n<p>Auf dem Markt in Fakena<br \/>\n<iframe src=\"https:\/\/www.youtube.com\/embed\/U_nR2yEQkdY\" width=\"560\" height=\"315\" frameborder=\"0\" allowfullscreen=\"allowfullscreen\"><\/iframe><\/p>\n","protected":false},"excerpt":{"rendered":"<p>Was passiert mit den R\u00e4dern? Die R\u00e4der werden in Altenberg zerlegt: Radl Zerlegen from Rudolf Spiegl on Vimeo. Dann kommen sie in einen Container und werden nach Accra verschifft. \u00a0Weiter\u00a0geht es per LKW nach Fakena in Burkina Faso. Die R\u00e4der werden dort wieder zusammengebaut und wenn notwendig repariert. Dann werden sie im Dorf und in &hellip; <a href=\"https:\/\/rudolf-spiegl.at\/wordpress\/?page_id=1030\" class=\"more-link\"><span class=\"screen-reader-text\">&#8222;VEZ Fahrradprojekt in Fakena&#8220; <\/span>weiterlesen<\/a><\/p>\n","protected":false},"author":1,"featured_media":0,"parent":0,"menu_order":0,"comment_status":"closed","ping_status":"closed","template":"","meta":[],"_links":{"self":[{"href":"https:\/\/rudolf-spiegl.at\/wordpress\/index.php?rest_route=\/wp\/v2\/pages\/1030"}],"collection":[{"href":"https:\/\/rudolf-spiegl.at\/wordpress\/index.php?rest_route=\/wp\/v2\/pages"}],"about":[{"href":"https:\/\/rudolf-spiegl.at\/wordpress\/index.php?rest_route=\/wp\/v2\/types\/page"}],"author":[{"embeddable":true,"href":"https:\/\/rudolf-spiegl.at\/wordpress\/index.php?rest_route=\/wp\/v2\/users\/1"}],"replies":[{"embeddable":true,"href":"https:\/\/rudolf-spiegl.at\/wordpress\/index.php?rest_route=%2Fwp%2Fv2%2Fcomments&post=1030"}],"version-history":[{"count":7,"href":"https:\/\/rudolf-spiegl.at\/wordpress\/index.php?rest_route=\/wp\/v2\/pages\/1030\/revisions"}],"predecessor-version":[{"id":1056,"href":"https:\/\/rudolf-spiegl.at\/wordpress\/index.php?rest_route=\/wp\/v2\/pages\/1030\/revisions\/1056"}],"wp:attachment":[{"href":"https:\/\/rudolf-spiegl.at\/wordpress\/index.php?rest_route=%2Fwp%2Fv2%2Fmedia&parent=1030"}],"curies":[{"name":"wp","href":"https:\/\/api.w.org\/{rel}","templated":true}]}}